{"id":8054,"date":"2015-02-12T12:06:06","date_gmt":"2015-02-12T12:06:06","guid":{"rendered":"http:\/\/web.ipca.pt\/cvbarcelos\/?page_id=8054"},"modified":"2015-05-20T11:56:47","modified_gmt":"2015-05-20T10:56:47","slug":"donativos","status":"publish","type":"page","link":"https:\/\/web.ipca.pt\/cvbarcelos\/donativos\/","title":{"rendered":"Donativos"},"content":{"rendered":"<p>Pode ajudar a nossa Delega\u00e7\u00e3o atrav\u00e9s:<\/p>\n<p>&nbsp;<\/p>\n<ul>\n<li><strong>Donativo Monet\u00e1rio\u00a0<\/strong>&#8211; entregue na nossa sede (Rua Dr. Jos\u00e9 Ant\u00f3nio P. P. Machado, loja 2 &#8211; Barcelos) ou atrav\u00e9s do NIB 0018 0003 3915679902025 (Santander \u00a0Totta)<\/li>\n<\/ul>\n<p>&nbsp;<\/p>\n<ul>\n<li><strong>Donativo em Esp\u00e9cie <\/strong>&#8211; bens novos ou usados, designadamente:\n<ul>\n<li>Material para Beb\u00e9;<\/li>\n<li>Mobili\u00e1rio;<\/li>\n<li>Eletrodom\u00e9sticos;<\/li>\n<li>Produtos de higiene;<\/li>\n<li>Produtos alimentares;<\/li>\n<li>Vestu\u00e1rio;<\/li>\n<li>Brinquedos;<\/li>\n<li>Material de escrit\u00f3rio;<\/li>\n<li>Material Escolar;<\/li>\n<li>Outro tipo de Bens.<\/li>\n<\/ul>\n<\/li>\n<\/ul>\n","protected":false},"excerpt":{"rendered":"<p>Pode ajudar a nossa Delega\u00e7\u00e3o atrav\u00e9s: &nbsp; Donativo Monet\u00e1rio\u00a0&#8211; entregue na nossa sede (Rua Dr. Jos\u00e9 Ant\u00f3nio P. P. Machado, loja 2 &#8211; Barcelos) ou atrav\u00e9s do NIB 0018 0003 3915679902025 (Santander \u00a0Totta) &nbsp; Donativo em Esp\u00e9cie &#8211; bens novos ou usados, designadamente: Material para Beb\u00e9; Mobili\u00e1rio; Eletrodom\u00e9sticos; Produtos de higiene; Produtos alimentares; Vestu\u00e1rio; Brinquedos; [&hellip;]<\/p>\n","protected":false},"author":1,"featured_media":0,"parent":0,"menu_order":0,"comment_status":"closed","ping_status":"closed","template":"","meta":[],"_links":{"self":[{"href":"https:\/\/web.ipca.pt\/cvbarcelos\/wp-json\/wp\/v2\/pages\/8054"}],"collection":[{"href":"https:\/\/web.ipca.pt\/cvbarcelos\/wp-json\/wp\/v2\/pages"}],"about":[{"href":"https:\/\/web.ipca.pt\/cvbarcelos\/wp-json\/wp\/v2\/types\/page"}],"author":[{"embeddable":true,"href":"https:\/\/web.ipca.pt\/cvbarcelos\/wp-json\/wp\/v2\/users\/1"}],"replies":[{"embeddable":true,"href":"https:\/\/web.ipca.pt\/cvbarcelos\/wp-json\/wp\/v2\/comments?post=8054"}],"version-history":[{"count":3,"href":"https:\/\/web.ipca.pt\/cvbarcelos\/wp-json\/wp\/v2\/pages\/8054\/revisions"}],"predecessor-version":[{"id":8079,"href":"https:\/\/web.ipca.pt\/cvbarcelos\/wp-json\/wp\/v2\/pages\/8054\/revisions\/8079"}],"wp:attachment":[{"href":"https:\/\/web.ipca.pt\/cvbarcelos\/wp-json\/wp\/v2\/media?parent=8054"}],"curies":[{"name":"wp","href":"https:\/\/api.w.org\/{rel}","templated":true}]}}