{"id":8039,"date":"2015-02-12T11:34:06","date_gmt":"2015-02-12T11:34:06","guid":{"rendered":"http:\/\/web.ipca.pt\/cvbarcelos\/?page_id=8039"},"modified":"2015-02-12T11:53:11","modified_gmt":"2015-02-12T11:53:11","slug":"ficha-de-inscricao-voluntario","status":"publish","type":"page","link":"https:\/\/web.ipca.pt\/cvbarcelos\/ficha-de-inscricao-voluntario\/","title":{"rendered":"Ficha de inscri\u00e7\u00e3o &#8211; Volunt\u00e1rio"},"content":{"rendered":"<p style=\"text-align: center;\"><a href=\"http:\/\/web.ipca.pt\/cvbarcelos\/wp-content\/uploads\/2015\/02\/vol.jpg\"><img loading=\"lazy\" class=\"aligncenter  wp-image-8051\" alt=\"vol\" src=\"http:\/\/web.ipca.pt\/cvbarcelos\/wp-content\/uploads\/2015\/02\/vol-210x300.jpg\" width=\"250\" height=\"350\" \/><\/a><\/p>\n","protected":false},"excerpt":{"rendered":"","protected":false},"author":1,"featured_media":0,"parent":0,"menu_order":0,"comment_status":"closed","ping_status":"closed","template":"","meta":[],"_links":{"self":[{"href":"https:\/\/web.ipca.pt\/cvbarcelos\/wp-json\/wp\/v2\/pages\/8039"}],"collection":[{"href":"https:\/\/web.ipca.pt\/cvbarcelos\/wp-json\/wp\/v2\/pages"}],"about":[{"href":"https:\/\/web.ipca.pt\/cvbarcelos\/wp-json\/wp\/v2\/types\/page"}],"author":[{"embeddable":true,"href":"https:\/\/web.ipca.pt\/cvbarcelos\/wp-json\/wp\/v2\/users\/1"}],"replies":[{"embeddable":true,"href":"https:\/\/web.ipca.pt\/cvbarcelos\/wp-json\/wp\/v2\/comments?post=8039"}],"version-history":[{"count":7,"href":"https:\/\/web.ipca.pt\/cvbarcelos\/wp-json\/wp\/v2\/pages\/8039\/revisions"}],"predecessor-version":[{"id":8053,"href":"https:\/\/web.ipca.pt\/cvbarcelos\/wp-json\/wp\/v2\/pages\/8039\/revisions\/8053"}],"wp:attachment":[{"href":"https:\/\/web.ipca.pt\/cvbarcelos\/wp-json\/wp\/v2\/media?parent=8039"}],"curies":[{"name":"wp","href":"https:\/\/api.w.org\/{rel}","templated":true}]}}