{"id":8000,"date":"2015-02-11T12:04:41","date_gmt":"2015-02-11T12:04:41","guid":{"rendered":"http:\/\/web.ipca.pt\/cvbarcelos\/?page_id=8000"},"modified":"2015-02-12T11:44:14","modified_gmt":"2015-02-12T11:44:14","slug":"ficha-de-socio","status":"publish","type":"page","link":"https:\/\/web.ipca.pt\/cvbarcelos\/ficha-de-socio\/","title":{"rendered":"Ficha de Inscri\u00e7\u00e3o de S\u00f3cio"},"content":{"rendered":"<p style=\"text-align: center;\"><a href=\"http:\/\/web.ipca.pt\/cvbarcelos\/wp-content\/uploads\/2015\/02\/socio.jpg\"><img loading=\"lazy\" class=\"size-medium wp-image-8002 aligncenter\" alt=\"socio\" src=\"http:\/\/web.ipca.pt\/cvbarcelos\/wp-content\/uploads\/2015\/02\/socio-210x300.jpg\" width=\"210\" height=\"300\" srcset=\"https:\/\/web.ipca.pt\/cvbarcelos\/wp-content\/uploads\/2015\/02\/socio-210x300.jpg 210w, https:\/\/web.ipca.pt\/cvbarcelos\/wp-content\/uploads\/2015\/02\/socio-718x1024.jpg 718w, https:\/\/web.ipca.pt\/cvbarcelos\/wp-content\/uploads\/2015\/02\/socio.jpg 1606w\" sizes=\"(max-width: 210px) 100vw, 210px\" \/><\/a><\/p>\n","protected":false},"excerpt":{"rendered":"","protected":false},"author":1,"featured_media":0,"parent":0,"menu_order":0,"comment_status":"closed","ping_status":"closed","template":"","meta":[],"_links":{"self":[{"href":"https:\/\/web.ipca.pt\/cvbarcelos\/wp-json\/wp\/v2\/pages\/8000"}],"collection":[{"href":"https:\/\/web.ipca.pt\/cvbarcelos\/wp-json\/wp\/v2\/pages"}],"about":[{"href":"https:\/\/web.ipca.pt\/cvbarcelos\/wp-json\/wp\/v2\/types\/page"}],"author":[{"embeddable":true,"href":"https:\/\/web.ipca.pt\/cvbarcelos\/wp-json\/wp\/v2\/users\/1"}],"replies":[{"embeddable":true,"href":"https:\/\/web.ipca.pt\/cvbarcelos\/wp-json\/wp\/v2\/comments?post=8000"}],"version-history":[{"count":4,"href":"https:\/\/web.ipca.pt\/cvbarcelos\/wp-json\/wp\/v2\/pages\/8000\/revisions"}],"predecessor-version":[{"id":8049,"href":"https:\/\/web.ipca.pt\/cvbarcelos\/wp-json\/wp\/v2\/pages\/8000\/revisions\/8049"}],"wp:attachment":[{"href":"https:\/\/web.ipca.pt\/cvbarcelos\/wp-json\/wp\/v2\/media?parent=8000"}],"curies":[{"name":"wp","href":"https:\/\/api.w.org\/{rel}","templated":true}]}}