{"id":758,"date":"2014-06-04T16:16:42","date_gmt":"2014-06-04T15:16:42","guid":{"rendered":"http:\/\/web.ipca.pt\/cvbarcelos\/?page_id=758"},"modified":"2015-02-02T21:17:48","modified_gmt":"2015-02-02T21:17:48","slug":"oficinas-do-saber-e-ser","status":"publish","type":"page","link":"https:\/\/web.ipca.pt\/cvbarcelos\/oficinas-do-saber-e-ser\/","title":{"rendered":"Oficinas do Saber e Ser"},"content":{"rendered":"<p><img loading=\"lazy\" class=\"wp-image-393 alignleft\" style=\"border: none;\" alt=\"Imagem5\" src=\"http:\/\/web.ipca.pt\/cvbarcelos\/wp-content\/uploads\/2014\/06\/6.png\" width=\"300\" height=\"350\" \/><\/p>\n<p style=\"text-align: justify;\">Projeto \u201cOficina do Saber &amp; Ser\u201d teve o seu primeiro per\u00edodo de a\u00e7\u00e3o no terreno durante 4 anos (com inicio em\u00a02008\u00a0e termino em 2012), ainda sob al\u00e7ada e co-financiado pelo Instituto da Droga e Toxicodepend\u00eancia. Este\u00a0projeto\u00a0encontrou-se inativo durante um ano e meio, devido a reestrutura\u00e7\u00e3o sociais e governamentais, na \u00e1rea das\u00a0depend\u00eancias,\u00a0e por conseguinte falta de financiamento. O sucesso dos resultados obtidos no final do primeiro\u00a0per\u00edodo de implementa\u00e7\u00e3o, originaram a sele\u00e7\u00e3o e elei\u00e7\u00e3o da nossa institui\u00e7\u00e3o na mais recente candidatura ao\u00a0Programa de Respostas Integradas (PRI), Eixo da Reinser\u00e7\u00e3o, promovida pelo Servi\u00e7o de Interven\u00e7\u00e3o nos\u00a0Comportamentos\u00a0Aditivos e nas Depend\u00eancias (SICAD). Iniciar\u00e1 este m\u00eas de maio, as Oficinas do Saber e Ser,\u00a0no\u00a0\u00e2mbito do PRI- Eixo de Reinser\u00e7\u00e3o (SICAD), que visa dar resposta \u00e0 necessidade externa de servi\u00e7os\/atividades\u00a0e\u00a0apoio especializados na reintegra\u00e7\u00e3o social de pessoas em tratamento capacidade de cria\u00e7\u00e3o e gest\u00e3o\u00a0de\u00a0programas\u00a0de\u00a0atividade e de apoio. Esta surge como medida atenuante de preven\u00e7\u00e3o de comportamentos de risco e de promo\u00e7\u00e3o\u00a0efetiva da integra\u00e7\u00e3o e reintegra\u00e7\u00e3o social,\u00a0com um\u00a0espa\u00e7o pr\u00f3prio, que se prop\u00f5e a acolher e a acompanhar tecnicamente indiv\u00edduos que optaram por interromper um percurso de depend\u00eancias (drogas\/\u00e1lcool),\u00a0em situa\u00e7\u00e3o de\u00a0exclus\u00e3o social e que deliberadamente decidem melhorar a sua qualidade de vida, apostar em novos comportamentos e atitudes, onde a sua autonomiza\u00e7\u00e3o \u00e9 o alicerce para\u00a0a (re) inser\u00e7\u00e3o s\u00f3cio profissional, num processo individualizado e comunit\u00e1rio.<\/p>\n<p style=\"text-align: right;\"><a style=\"line-height: 1.5em;\" href=\"http:\/\/web.ipca.pt\/cvbarcelos\/galeria-oficinas-do-saber-e-ser-2\"><span style=\"color: #ff0000; text-align: right; text-decoration: underline;\">Veja como trabalhamos!<\/span><\/a><\/p>\n","protected":false},"excerpt":{"rendered":"<p>Projeto \u201cOficina do Saber &amp; Ser\u201d teve o seu primeiro per\u00edodo de a\u00e7\u00e3o no terreno durante 4 anos (com inicio em\u00a02008\u00a0e termino em 2012), ainda sob al\u00e7ada e co-financiado pelo Instituto da Droga e Toxicodepend\u00eancia. Este\u00a0projeto\u00a0encontrou-se inativo durante um ano e meio, devido a reestrutura\u00e7\u00e3o sociais e governamentais, na \u00e1rea das\u00a0depend\u00eancias,\u00a0e por conseguinte falta de [&hellip;]<\/p>\n","protected":false},"author":1,"featured_media":0,"parent":0,"menu_order":0,"comment_status":"closed","ping_status":"closed","template":"","meta":[],"_links":{"self":[{"href":"https:\/\/web.ipca.pt\/cvbarcelos\/wp-json\/wp\/v2\/pages\/758"}],"collection":[{"href":"https:\/\/web.ipca.pt\/cvbarcelos\/wp-json\/wp\/v2\/pages"}],"about":[{"href":"https:\/\/web.ipca.pt\/cvbarcelos\/wp-json\/wp\/v2\/types\/page"}],"author":[{"embeddable":true,"href":"https:\/\/web.ipca.pt\/cvbarcelos\/wp-json\/wp\/v2\/users\/1"}],"replies":[{"embeddable":true,"href":"https:\/\/web.ipca.pt\/cvbarcelos\/wp-json\/wp\/v2\/comments?post=758"}],"version-history":[{"count":43,"href":"https:\/\/web.ipca.pt\/cvbarcelos\/wp-json\/wp\/v2\/pages\/758\/revisions"}],"predecessor-version":[{"id":7863,"href":"https:\/\/web.ipca.pt\/cvbarcelos\/wp-json\/wp\/v2\/pages\/758\/revisions\/7863"}],"wp:attachment":[{"href":"https:\/\/web.ipca.pt\/cvbarcelos\/wp-json\/wp\/v2\/media?parent=758"}],"curies":[{"name":"wp","href":"https:\/\/api.w.org\/{rel}","templated":true}]}}