{"id":698,"date":"2014-06-03T20:40:53","date_gmt":"2014-06-03T19:40:53","guid":{"rendered":"http:\/\/web.ipca.pt\/cvbarcelos\/?page_id=698"},"modified":"2015-04-08T14:45:52","modified_gmt":"2015-04-08T13:45:52","slug":"beneficios","status":"publish","type":"page","link":"https:\/\/web.ipca.pt\/cvbarcelos\/beneficios\/","title":{"rendered":"Benef\u00edcios"},"content":{"rendered":"<ul>\n<li><span style=\"text-decoration: underline;\"><strong>CP &#8211; Comboios de Portugal<\/strong><\/span>\n<ul>\n<li><strong>20%\u00a0<\/strong>Alfa Pendular e Intercidades, em classe conforto ou 1\u00aa classe; Inter-Regionais e Regionais (uma viagem por comboio\/ dia)<\/li>\n<\/ul>\n<\/li>\n<li><b><span style=\"text-decoration: underline;\">Centro \u00d3ptico Ib\u00e9rico<\/span>\u00a0<\/b>&#8211; Av. Combatentes Grande Guerra, n\u00ba14, Barcelos\n<ul>\n<li><strong>15%\u00a0<\/strong>\u00d3culos de Receitu\u00e1rio, \u00f3culos do sol e lentes oft\u00e1lmicas;<\/li>\n<li><strong>10% <\/strong>Lentes de contacto convencionais<\/li>\n<\/ul>\n<\/li>\n<li><strong><span style=\"text-decoration: underline;\">Cl\u00ednica Dent\u00e1ria da Avenida Alcaides de Faria &#8211; Dr. Ant\u00f3nio Novais<\/span>\u00a0<\/strong>&#8211; Av. Alcaides de Faria, n\u00ba 402, 1\u00baDto., Barcelos\n<ul>\n<li><strong>50%\u00a0<\/strong>Tratamentos Dent\u00e1rios (CONSULTAS);<\/li>\n<li><strong>10%<\/strong>\u00a0Meios de reabilita\u00e7\u00e3o oral e ortodontia<\/li>\n<\/ul>\n<\/li>\n<li><strong><span style=\"text-decoration: underline;\">Laborat\u00f3rio de Patologia Cl\u00ednica Hil\u00e1rio de Lima<\/span>\u00a0<\/strong>&#8211; Travessa Ant\u00f3nio Foga\u00e7a, Frac. B, Bloco 7 (frente ao Pingo Doce), Barcelos\n<ul>\n<li><strong>20%\u00a0<\/strong>sobre pre\u00e7os indicados na tabela em vigor<\/li>\n<\/ul>\n<\/li>\n<li><strong><span style=\"text-decoration: underline;\">Jorge Oculista<\/span>\u00a0<\/strong>&#8211; Rua D. Ant\u00f3nio Barroso, 119, Barcelos\n<ul>\n<li><strong>20%<\/strong> arma\u00e7\u00f5es e lentes oft\u00e1lmicas;<\/li>\n<li><strong>10%<\/strong> \u00f3culos de sol<\/li>\n<\/ul>\n<\/li>\n<li><strong><span style=\"text-decoration: underline;\">MultiOpticas<\/span>\u00a0<\/strong>&#8211; Largo Porta Nova, 41, Barcelos\n<ul>\n<li><strong>15%\u00a0<\/strong>todos os artigos (excepto campanhas promocionais)<\/li>\n<\/ul>\n<\/li>\n<li><strong><span style=\"text-decoration: underline;\">Opticalia Barcelos<\/span>\u00a0<\/strong>&#8211; Av. D. Nuno A. Pereira, 15, Barcelos\n<ul>\n<li><strong>20% <\/strong>\u00f3culos de\u00a0sol, arma\u00e7\u00f5es, lentes oft\u00e1lmicas e de contacto e l\u00edquidos.<\/li>\n<\/ul>\n<\/li>\n<li><span style=\"text-decoration: underline;\"><strong>Jo\u00e3o Carvalho, Lda.<\/strong><\/span> &#8211; Av. Alcaides de Faria, 130, Barcelos\n<ul>\n<li><strong>10%<\/strong> sobre pre\u00e7os indicados na tabela em vigor<\/li>\n<\/ul>\n<\/li>\n<li><strong><span style=\"text-decoration: underline;\">Centro Cl\u00ednico &#8211; Educacional Personalizar<\/span>\u00a0<\/strong>&#8211; Av. D. Nuno \u00c1lvares Pereira, 25, salas 401,402 e 410, Barcelos\n<ul>\n<li><strong>10%<\/strong>\u00a0nos seguintes servi\u00e7os: Psicologia, Neuropsicologia, Terapia da Fala, Consulta de Nutri\u00e7\u00e3o, Medicina Geral e Familiar, Ginecologia\/Obstetr\u00edcia, Pediatria e Forma\u00e7\u00e3o.<\/li>\n<\/ul>\n<\/li>\n<li><span style=\"text-decoration: underline;\"><strong>Hoteis Fenix<\/strong><\/span> &#8211; Lisboa e Porto<\/li>\n<li><span style=\"text-decoration: underline;\"><strong>Sana Hotels Portugal, SA<\/strong><\/span><\/li>\n<\/ul>\n","protected":false},"excerpt":{"rendered":"<p>CP &#8211; Comboios de Portugal 20%\u00a0Alfa Pendular e Intercidades, em classe conforto ou 1\u00aa classe; Inter-Regionais e Regionais (uma viagem por comboio\/ dia) Centro \u00d3ptico Ib\u00e9rico\u00a0&#8211; Av. Combatentes Grande Guerra, n\u00ba14, Barcelos 15%\u00a0\u00d3culos de Receitu\u00e1rio, \u00f3culos do sol e lentes oft\u00e1lmicas; 10% Lentes de contacto convencionais Cl\u00ednica Dent\u00e1ria da Avenida Alcaides de Faria &#8211; Dr. [&hellip;]<\/p>\n","protected":false},"author":1,"featured_media":0,"parent":0,"menu_order":0,"comment_status":"closed","ping_status":"closed","template":"","meta":[],"_links":{"self":[{"href":"https:\/\/web.ipca.pt\/cvbarcelos\/wp-json\/wp\/v2\/pages\/698"}],"collection":[{"href":"https:\/\/web.ipca.pt\/cvbarcelos\/wp-json\/wp\/v2\/pages"}],"about":[{"href":"https:\/\/web.ipca.pt\/cvbarcelos\/wp-json\/wp\/v2\/types\/page"}],"author":[{"embeddable":true,"href":"https:\/\/web.ipca.pt\/cvbarcelos\/wp-json\/wp\/v2\/users\/1"}],"replies":[{"embeddable":true,"href":"https:\/\/web.ipca.pt\/cvbarcelos\/wp-json\/wp\/v2\/comments?post=698"}],"version-history":[{"count":7,"href":"https:\/\/web.ipca.pt\/cvbarcelos\/wp-json\/wp\/v2\/pages\/698\/revisions"}],"predecessor-version":[{"id":8073,"href":"https:\/\/web.ipca.pt\/cvbarcelos\/wp-json\/wp\/v2\/pages\/698\/revisions\/8073"}],"wp:attachment":[{"href":"https:\/\/web.ipca.pt\/cvbarcelos\/wp-json\/wp\/v2\/media?parent=698"}],"curies":[{"name":"wp","href":"https:\/\/api.w.org\/{rel}","templated":true}]}}