{"id":556,"date":"2014-05-26T16:20:33","date_gmt":"2014-05-26T15:20:33","guid":{"rendered":"http:\/\/web.ipca.pt\/cvbarcelos\/?page_id=556"},"modified":"2015-02-06T22:53:25","modified_gmt":"2015-02-06T22:53:25","slug":"quota-2","status":"publish","type":"page","link":"https:\/\/web.ipca.pt\/cvbarcelos\/quota-2\/","title":{"rendered":"Quota"},"content":{"rendered":"<h1 style=\"text-align: center;\"><span style=\"color: #ff0000;\"><strong>Fa\u00e7a-se s\u00f3cio da Cruz Vermelha<\/strong><\/span><\/h1>\n<h1 style=\"text-align: center;\"><span style=\"color: #ff0000;\"><strong>Ajude-nos a Ajudar<\/strong><\/span><\/h1>\n<h1 style=\"text-align: center;\"><span style=\"color: #ff0000;\"><strong>A fazer Mais e Melhor<\/strong><\/span><\/h1>\n<h2 style=\"text-align: center;\">1\u20ac por m\u00eas 12\u20ac por ano<\/h2>\n<p style=\"text-align: justify;\">A Delega\u00e7\u00e3o da Cruz Vermelha de Barcelos \u00e9 uma institui\u00e7\u00e3o que n\u00e3o tem qualquer ajuda estatal ou local.\u00a0Todas as nossas atividades s\u00f3 s\u00e3o poss\u00edveis gra\u00e7as \u00e0 colabora\u00e7\u00e3o dos s\u00f3cios, \u00e0 venda de produtos elaborados por um grupo de volunt\u00e1rias e a v\u00e1rios eventos realizados ao longo do ano.<\/p>\n","protected":false},"excerpt":{"rendered":"<p>Fa\u00e7a-se s\u00f3cio da Cruz Vermelha Ajude-nos a Ajudar A fazer Mais e Melhor 1\u20ac por m\u00eas 12\u20ac por ano A Delega\u00e7\u00e3o da Cruz Vermelha de Barcelos \u00e9 uma institui\u00e7\u00e3o que n\u00e3o tem qualquer ajuda estatal ou local.\u00a0Todas as nossas atividades s\u00f3 s\u00e3o poss\u00edveis gra\u00e7as \u00e0 colabora\u00e7\u00e3o dos s\u00f3cios, \u00e0 venda de produtos elaborados por um [&hellip;]<\/p>\n","protected":false},"author":1,"featured_media":0,"parent":0,"menu_order":0,"comment_status":"closed","ping_status":"closed","template":"","meta":[],"_links":{"self":[{"href":"https:\/\/web.ipca.pt\/cvbarcelos\/wp-json\/wp\/v2\/pages\/556"}],"collection":[{"href":"https:\/\/web.ipca.pt\/cvbarcelos\/wp-json\/wp\/v2\/pages"}],"about":[{"href":"https:\/\/web.ipca.pt\/cvbarcelos\/wp-json\/wp\/v2\/types\/page"}],"author":[{"embeddable":true,"href":"https:\/\/web.ipca.pt\/cvbarcelos\/wp-json\/wp\/v2\/users\/1"}],"replies":[{"embeddable":true,"href":"https:\/\/web.ipca.pt\/cvbarcelos\/wp-json\/wp\/v2\/comments?post=556"}],"version-history":[{"count":8,"href":"https:\/\/web.ipca.pt\/cvbarcelos\/wp-json\/wp\/v2\/pages\/556\/revisions"}],"predecessor-version":[{"id":7912,"href":"https:\/\/web.ipca.pt\/cvbarcelos\/wp-json\/wp\/v2\/pages\/556\/revisions\/7912"}],"wp:attachment":[{"href":"https:\/\/web.ipca.pt\/cvbarcelos\/wp-json\/wp\/v2\/media?parent=556"}],"curies":[{"name":"wp","href":"https:\/\/api.w.org\/{rel}","templated":true}]}}