{"id":415,"date":"2014-05-13T16:54:36","date_gmt":"2014-05-13T15:54:36","guid":{"rendered":"http:\/\/web.ipca.pt\/cvbarcelos\/?page_id=415"},"modified":"2015-02-02T21:31:04","modified_gmt":"2015-02-02T21:31:04","slug":"o-que-e-2","status":"publish","type":"page","link":"https:\/\/web.ipca.pt\/cvbarcelos\/o-que-e-2\/","title":{"rendered":"O que \u00e9?"},"content":{"rendered":"<p align=\"justify\">\n<b>Melhorar a vida das pessoas vulner\u00e1veis, mobilizando o Poder da Humanidade.<\/b><br \/>\n<br \/>\n<b>Voluntariado na Cruz Vermelha \u00e9 uma actividade que:<\/b><br \/>\n<br \/>\n<b>&#8211;<\/b>Tem por objectivo ajudar as pessoas vulner\u00e1veis ou as suas comunidades locais.<br \/>\n<br \/>\n\u00c9 motivada pela livre vontade\u00a0da pessoa, e n\u00e3o pelo desejo de ganhos materiais, financeiros ou por uma press\u00e3o externa de tipo social, pol\u00edtico ou econ\u00f3mico.<br \/>\n<br \/>\n\u00c9\u00a0 organizada pelos representantes reconhecidos de uma Sociedade Nacional.<br \/>\n<br \/>\nOs volunt\u00e1rios trazem novas compet\u00eancias, novas ideias, boa energia, entusiasmo, disponibilidade e motiva\u00e7\u00e3o ao trabalho local da Cruz Vermelha.<\/p>\n","protected":false},"excerpt":{"rendered":"<p>Melhorar a vida das pessoas vulner\u00e1veis, mobilizando o Poder da Humanidade. Voluntariado na Cruz Vermelha \u00e9 uma actividade que: &#8211;Tem por objectivo ajudar as pessoas vulner\u00e1veis ou as suas comunidades locais. \u00c9 motivada pela livre vontade\u00a0da pessoa, e n\u00e3o pelo desejo de ganhos materiais, financeiros ou por uma press\u00e3o externa de tipo social, pol\u00edtico ou [&hellip;]<\/p>\n","protected":false},"author":1,"featured_media":0,"parent":0,"menu_order":0,"comment_status":"closed","ping_status":"closed","template":"","meta":[],"_links":{"self":[{"href":"https:\/\/web.ipca.pt\/cvbarcelos\/wp-json\/wp\/v2\/pages\/415"}],"collection":[{"href":"https:\/\/web.ipca.pt\/cvbarcelos\/wp-json\/wp\/v2\/pages"}],"about":[{"href":"https:\/\/web.ipca.pt\/cvbarcelos\/wp-json\/wp\/v2\/types\/page"}],"author":[{"embeddable":true,"href":"https:\/\/web.ipca.pt\/cvbarcelos\/wp-json\/wp\/v2\/users\/1"}],"replies":[{"embeddable":true,"href":"https:\/\/web.ipca.pt\/cvbarcelos\/wp-json\/wp\/v2\/comments?post=415"}],"version-history":[{"count":8,"href":"https:\/\/web.ipca.pt\/cvbarcelos\/wp-json\/wp\/v2\/pages\/415\/revisions"}],"predecessor-version":[{"id":7867,"href":"https:\/\/web.ipca.pt\/cvbarcelos\/wp-json\/wp\/v2\/pages\/415\/revisions\/7867"}],"wp:attachment":[{"href":"https:\/\/web.ipca.pt\/cvbarcelos\/wp-json\/wp\/v2\/media?parent=415"}],"curies":[{"name":"wp","href":"https:\/\/api.w.org\/{rel}","templated":true}]}}