{"id":372,"date":"2014-05-13T16:04:46","date_gmt":"2014-05-13T15:04:46","guid":{"rendered":"http:\/\/web.ipca.pt\/cvbarcelos\/?page_id=372"},"modified":"2015-02-02T21:10:42","modified_gmt":"2015-02-02T21:10:42","slug":"maria-mae-e-mulher","status":"publish","type":"page","link":"https:\/\/web.ipca.pt\/cvbarcelos\/maria-mae-e-mulher\/","title":{"rendered":"Maria M\u00e3e e Mulher"},"content":{"rendered":"<p><img loading=\"lazy\" class=\"wp-image-393 alignleft\" style=\"border: none;\" alt=\"Imagem5\" src=\"http:\/\/web.ipca.pt\/cvbarcelos\/wp-content\/uploads\/2014\/05\/9.png\" width=\"300\" height=\"350\" \/><\/p>\n<p style=\"text-align: justify;\">A raz\u00e3o deste nome tem uma explica\u00e7\u00e3o pois considera-se estas tr\u00eas vertentes de uma Mulher: Maria &#8211; identidade\u00a0pessoal; Mulher &#8211; cidad\u00e3,destinat\u00e1rias mulheres \/ m\u00e3es, em situa\u00e7\u00e3o profissional;\u00a0M\u00e3e \u2013 progenitora. Tem como de\u00a0car\u00eancia econ\u00f3mica e que apresentam d\u00e9fice em \u00e1reas de gest\u00e3o da vida familiar, onde seja latente a desorganiza\u00e7\u00e3o\u00a0emocional e psicol\u00f3gica. Onde se possa verificar ou n\u00e3o, reincid\u00eancia na situa\u00e7\u00e3o prec\u00e1ria e no pedido de\u00a0apoio \/acompanhamento.\u00a0O lema ser\u00e1: educar para autonomizar. Estas mulheres necessitam de retaguarda, apoio,\u00a0carinho,\u00a0energia e positivismo. \u00c9 necess\u00e1rio fornecer-lhes a informa\u00e7\u00e3o que lhes permita\u00a0tomar decis\u00f5es e tra\u00e7ar objetivos.\u00a0Os ensinamentos s\u00e3o fornecidos por elementos volunt\u00e1rios\u00a0(donas de casa, nutricionista, enfermeira,\u00a0psic\u00f3loga). A\u00a0dinamiza\u00e7\u00e3o e execu\u00e7\u00e3o dos ateli\u00eas\u00a0(culin\u00e1ria e de costura) cabe em exclusivo a um grupo\u00a0de volunt\u00e1rias que de\u00a0forma organizada promove\u00a0a forma\u00e7\u00e3o das benefici\u00e1rias. Neste projeto\u00a0<br \/>\nest\u00e3o inseridas 30 mulheres.<\/p>\n<p style=\"text-align: right;\"><a style=\"line-height: 1.5em;\" href=\"http:\/\/web.ipca.pt\/cvbarcelos\/galeria-maria-mae-mulher\"><span style=\"color: #ff0000; text-decoration: underline;\">Veja como trabalhamos!<\/span><\/a><\/p>\n","protected":false},"excerpt":{"rendered":"<p>A raz\u00e3o deste nome tem uma explica\u00e7\u00e3o pois considera-se estas tr\u00eas vertentes de uma Mulher: Maria &#8211; identidade\u00a0pessoal; Mulher &#8211; cidad\u00e3,destinat\u00e1rias mulheres \/ m\u00e3es, em situa\u00e7\u00e3o profissional;\u00a0M\u00e3e \u2013 progenitora. Tem como de\u00a0car\u00eancia econ\u00f3mica e que apresentam d\u00e9fice em \u00e1reas de gest\u00e3o da vida familiar, onde seja latente a desorganiza\u00e7\u00e3o\u00a0emocional e psicol\u00f3gica. Onde se possa verificar [&hellip;]<\/p>\n","protected":false},"author":1,"featured_media":0,"parent":0,"menu_order":0,"comment_status":"closed","ping_status":"closed","template":"","meta":[],"_links":{"self":[{"href":"https:\/\/web.ipca.pt\/cvbarcelos\/wp-json\/wp\/v2\/pages\/372"}],"collection":[{"href":"https:\/\/web.ipca.pt\/cvbarcelos\/wp-json\/wp\/v2\/pages"}],"about":[{"href":"https:\/\/web.ipca.pt\/cvbarcelos\/wp-json\/wp\/v2\/types\/page"}],"author":[{"embeddable":true,"href":"https:\/\/web.ipca.pt\/cvbarcelos\/wp-json\/wp\/v2\/users\/1"}],"replies":[{"embeddable":true,"href":"https:\/\/web.ipca.pt\/cvbarcelos\/wp-json\/wp\/v2\/comments?post=372"}],"version-history":[{"count":22,"href":"https:\/\/web.ipca.pt\/cvbarcelos\/wp-json\/wp\/v2\/pages\/372\/revisions"}],"predecessor-version":[{"id":7859,"href":"https:\/\/web.ipca.pt\/cvbarcelos\/wp-json\/wp\/v2\/pages\/372\/revisions\/7859"}],"wp:attachment":[{"href":"https:\/\/web.ipca.pt\/cvbarcelos\/wp-json\/wp\/v2\/media?parent=372"}],"curies":[{"name":"wp","href":"https:\/\/api.w.org\/{rel}","templated":true}]}}