{"id":368,"date":"2014-05-13T16:01:08","date_gmt":"2014-05-13T15:01:08","guid":{"rendered":"http:\/\/web.ipca.pt\/cvbarcelos\/?page_id=368"},"modified":"2015-02-02T21:05:27","modified_gmt":"2015-02-02T21:05:27","slug":"gestos-de-amor","status":"publish","type":"page","link":"https:\/\/web.ipca.pt\/cvbarcelos\/gestos-de-amor\/","title":{"rendered":"Gestos de Amor"},"content":{"rendered":"<p><img loading=\"lazy\" class=\"wp-image-393 alignleft\" style=\"border: none;\" alt=\"Imagem5\" src=\"http:\/\/web.ipca.pt\/cvbarcelos\/wp-content\/uploads\/2014\/05\/1.png\" width=\"300\" height=\"350\" \/><\/p>\n<p style=\"text-align: justify;\">Tem como objetivo a angaria\u00e7\u00e3o de fundo\u00a0composto por um grupo de volunt\u00e1rias que\u00a0tem\u00a0como objetivo contribuir\u00a0monetariamente\u00a0atrav\u00e9s\u00a0da produ\u00e7\u00e3o de pe\u00e7as manuais e exclusivas,\u00a0para\u00a0que a Institui\u00e7\u00e3o continue a\u00a0desenvolver\u00a0a\u00e7\u00f5es de solidariedade e apoio social a Barcelenses\u00a0carenciados\u00a0de qualidade de vida, companhia,\u00a0afetos\u00a0e\u00a0cuidados prim\u00e1rios de sa\u00fade. Hoje,\u00a0mais do que um grupo\u00a0de trabalho, \u00e9 um grupo\u00a0de grande amizade, que\u00a0vive\u00a0semanalmente, na sua oficina (espa\u00e7o da\u00a0delega\u00e7\u00e3o),\u00a0momentos de grande bem-estar.\u00a0Toda a produ\u00e7\u00e3o \u2013 conce\u00e7\u00e3o e\u00a0execu\u00e7\u00e3o\u00a0de pe\u00e7as manufaturadas \u2013 \u00e9 fruto da coopera\u00e7\u00e3o\u00a0constru\u00edda na participa\u00e7\u00e3o respons\u00e1vel de\u00a0todos os\u00a0elementos do grupo. A venda\u00a0dos produtos \u00e9 realizada diretamente na Sede da Delega\u00e7\u00e3o\u00a0de Barcelos, na Lojinha\u00a0Solid\u00e1ria\u00a0&#8220;Galinho Social&#8221;\u00a0ou feiras solid\u00e1rias.<\/p>\n<p style=\"text-align: right;\"><a style=\"line-height: 1.5em;\" href=\"http:\/\/web.ipca.pt\/cvbarcelos\/galeria-gestos-de-amor\"><span style=\"color: #ff0000; text-decoration: underline;\">Veja como trabalhamos!<\/span><\/a><\/p>\n","protected":false},"excerpt":{"rendered":"<p>Tem como objetivo a angaria\u00e7\u00e3o de fundo\u00a0composto por um grupo de volunt\u00e1rias que\u00a0tem\u00a0como objetivo contribuir\u00a0monetariamente\u00a0atrav\u00e9s\u00a0da produ\u00e7\u00e3o de pe\u00e7as manuais e exclusivas,\u00a0para\u00a0que a Institui\u00e7\u00e3o continue a\u00a0desenvolver\u00a0a\u00e7\u00f5es de solidariedade e apoio social a Barcelenses\u00a0carenciados\u00a0de qualidade de vida, companhia,\u00a0afetos\u00a0e\u00a0cuidados prim\u00e1rios de sa\u00fade. Hoje,\u00a0mais do que um grupo\u00a0de trabalho, \u00e9 um grupo\u00a0de grande amizade, que\u00a0vive\u00a0semanalmente, na sua oficina (espa\u00e7o [&hellip;]<\/p>\n","protected":false},"author":1,"featured_media":0,"parent":0,"menu_order":0,"comment_status":"closed","ping_status":"closed","template":"","meta":[],"_links":{"self":[{"href":"https:\/\/web.ipca.pt\/cvbarcelos\/wp-json\/wp\/v2\/pages\/368"}],"collection":[{"href":"https:\/\/web.ipca.pt\/cvbarcelos\/wp-json\/wp\/v2\/pages"}],"about":[{"href":"https:\/\/web.ipca.pt\/cvbarcelos\/wp-json\/wp\/v2\/types\/page"}],"author":[{"embeddable":true,"href":"https:\/\/web.ipca.pt\/cvbarcelos\/wp-json\/wp\/v2\/users\/1"}],"replies":[{"embeddable":true,"href":"https:\/\/web.ipca.pt\/cvbarcelos\/wp-json\/wp\/v2\/comments?post=368"}],"version-history":[{"count":26,"href":"https:\/\/web.ipca.pt\/cvbarcelos\/wp-json\/wp\/v2\/pages\/368\/revisions"}],"predecessor-version":[{"id":7855,"href":"https:\/\/web.ipca.pt\/cvbarcelos\/wp-json\/wp\/v2\/pages\/368\/revisions\/7855"}],"wp:attachment":[{"href":"https:\/\/web.ipca.pt\/cvbarcelos\/wp-json\/wp\/v2\/media?parent=368"}],"curies":[{"name":"wp","href":"https:\/\/api.w.org\/{rel}","templated":true}]}}