{"id":364,"date":"2014-05-13T15:59:32","date_gmt":"2014-05-13T14:59:32","guid":{"rendered":"http:\/\/web.ipca.pt\/cvbarcelos\/?page_id=364"},"modified":"2015-02-02T21:00:17","modified_gmt":"2015-02-02T21:00:17","slug":"bebe-feliz","status":"publish","type":"page","link":"https:\/\/web.ipca.pt\/cvbarcelos\/bebe-feliz\/","title":{"rendered":"Beb\u00e9 Feliz"},"content":{"rendered":"<p><img loading=\"lazy\" class=\"wp-image-393 alignleft\" style=\"border: none;\" alt=\"Imagem5\" src=\"http:\/\/web.ipca.pt\/cvbarcelos\/wp-content\/uploads\/2014\/05\/10.png\" width=\"300\" height=\"350\" \/><\/p>\n<p style=\"text-align: justify;\">Ativo desde 2008, traduz-se no acompanhamento\u00a0quinzenal a gr\u00e1vidas e m\u00e3es com beb\u00e9s dos 0 aos\u00a02 anos de idade, em\u00a0situa\u00e7\u00e3o de precariedade\u00a0econ\u00f3mica e\u00a0social. O apoio passa pelo\u00a0fornecimento\u00a0do enxoval completo necess\u00e1rio para o bem-estar\u00a0e seguran\u00e7a do beb\u00e9. Este aux\u00edlio significa apoio a\u00a0n\u00edvel de bens alimentares, vestu\u00e1rio, cal\u00e7ado, produtos de higiene e seguran\u00e7a, fraldas e mobili\u00e1rio\u00a0pueril indispens\u00e1vel e claro, brinquedos. O Beb\u00e9 Feliz\u00a0atua para combater as situa\u00e7\u00f5es de pobreza extrema\u00a0deste grupo, bem como prestar cuidados \/ orienta\u00e7\u00e3o\u00a0bio social, promover a\u00e7\u00f5es de apoio \u00e0 resolu\u00e7\u00e3o\u00a0de problemas dom\u00e9sticos e do quotidiano e sinalizar e\u00a0encaminhar situa\u00e7\u00f5es de emerg\u00eancia social e sa\u00fade. Desenvolvemos um conjunto de a\u00e7\u00f5es de esclarecimento\u00a0e boletins informativos com conte\u00fados adaptados a\u00a0estas m\u00e3es,\u00a0para melhor executarem essa fun\u00e7\u00e3o, conhecimentos\u00a0na \u00e1rea dos primeiros cuidados (ex. import\u00e2ncia\u00a0do aleitamento\u00a0materno), \u00e1rea da culin\u00e1ria (ex. import\u00e2ncia\u00a0de uma alimenta\u00e7\u00e3o variada), \u00e1rea da psicologia\u00a0(ex. import\u00e2ncia das regras).\u00a0Caracterizam-se por\u00a0m\u00e3es adolescentes, mulheres divorciadas com\u00a0v\u00e1rios filhos e contextos familiares\u00a0violentos. Maioritariamente s\u00e3o mulheres com as\u00a0suas vidas\u00a0desestruturadas e que encontram no nosso projeto\u00a0um apoio de\u00a0orienta\u00e7\u00e3o\u00a0e amparo. Assim como os seus\u00a0beb\u00e9s, aos quais lhes proporcionamos melhor desenvolvimento,\u00a0para que cres\u00e7am de\u00a0forma\u00a0mais saud\u00e1vel\u00a0e feliz. A interven\u00e7\u00e3o passa\u00a0por tarefas de organiza\u00e7\u00e3o e harmoniza\u00e7\u00e3o dos\u00a0espa\u00e7os onde habitam, novas habita\u00e7\u00f5es com melhores\u00a0condi\u00e7\u00f5es a pre\u00e7os mais baixos,procura\u00a0de mobili\u00e1rio necess\u00e1rio (cama, roupeiro, mesa)\u00a0imprescind\u00edvel ao dia-a-dia, implementa\u00e7\u00e3o de\u00a0tarefas, objetivos e regras no seu da fam\u00edlia.\u00a0Hoje tornam-se mais felizes 55 beb\u00e9s e cerca de 190 crian\u00e7as.<\/p>\n<p style=\"text-align: right;\"><a style=\"line-height: 1.5em;\" href=\"http:\/\/web.ipca.pt\/cvbarcelos\/galeria-bebe-feliz\"><span style=\"color: #ff0000; text-decoration: underline;\">Veja como trabalhamos!<\/span><\/a><\/p>\n","protected":false},"excerpt":{"rendered":"<p>Ativo desde 2008, traduz-se no acompanhamento\u00a0quinzenal a gr\u00e1vidas e m\u00e3es com beb\u00e9s dos 0 aos\u00a02 anos de idade, em\u00a0situa\u00e7\u00e3o de precariedade\u00a0econ\u00f3mica e\u00a0social. O apoio passa pelo\u00a0fornecimento\u00a0do enxoval completo necess\u00e1rio para o bem-estar\u00a0e seguran\u00e7a do beb\u00e9. Este aux\u00edlio significa apoio a\u00a0n\u00edvel de bens alimentares, vestu\u00e1rio, cal\u00e7ado, produtos de higiene e seguran\u00e7a, fraldas e mobili\u00e1rio\u00a0pueril indispens\u00e1vel e [&hellip;]<\/p>\n","protected":false},"author":1,"featured_media":0,"parent":0,"menu_order":0,"comment_status":"closed","ping_status":"closed","template":"","meta":[],"_links":{"self":[{"href":"https:\/\/web.ipca.pt\/cvbarcelos\/wp-json\/wp\/v2\/pages\/364"}],"collection":[{"href":"https:\/\/web.ipca.pt\/cvbarcelos\/wp-json\/wp\/v2\/pages"}],"about":[{"href":"https:\/\/web.ipca.pt\/cvbarcelos\/wp-json\/wp\/v2\/types\/page"}],"author":[{"embeddable":true,"href":"https:\/\/web.ipca.pt\/cvbarcelos\/wp-json\/wp\/v2\/users\/1"}],"replies":[{"embeddable":true,"href":"https:\/\/web.ipca.pt\/cvbarcelos\/wp-json\/wp\/v2\/comments?post=364"}],"version-history":[{"count":57,"href":"https:\/\/web.ipca.pt\/cvbarcelos\/wp-json\/wp\/v2\/pages\/364\/revisions"}],"predecessor-version":[{"id":7849,"href":"https:\/\/web.ipca.pt\/cvbarcelos\/wp-json\/wp\/v2\/pages\/364\/revisions\/7849"}],"wp:attachment":[{"href":"https:\/\/web.ipca.pt\/cvbarcelos\/wp-json\/wp\/v2\/media?parent=364"}],"curies":[{"name":"wp","href":"https:\/\/api.w.org\/{rel}","templated":true}]}}