{"id":362,"date":"2014-05-13T15:58:51","date_gmt":"2014-05-13T14:58:51","guid":{"rendered":"http:\/\/web.ipca.pt\/cvbarcelos\/?page_id=362"},"modified":"2015-02-02T20:57:20","modified_gmt":"2015-02-02T20:57:20","slug":"apoio-social-a-doentes-e-idosos","status":"publish","type":"page","link":"https:\/\/web.ipca.pt\/cvbarcelos\/apoio-social-a-doentes-e-idosos\/","title":{"rendered":"Apoio Social a Doentes e Idosos"},"content":{"rendered":"<p><img loading=\"lazy\" class=\"wp-image-399 alignleft\" style=\"border: none;\" alt=\"Imagem7\" src=\"http:\/\/web.ipca.pt\/cvbarcelos\/wp-content\/uploads\/2014\/05\/11.png\" width=\"300\" height=\"350\" \/><\/p>\n<p style=\"text-align: justify;\">Dirige a sua a\u00e7\u00e3o para o apoio social a doentes e idosos\u00a0a viver no seu\u00a0domicilio, dependentes de terceiros, sem retaguarda familiar e\/ou\u00a0situa\u00e7\u00e3o de isolamento social.\u00a0Preconiza-se\u00a0no terreno atrav\u00e9s de visitas di\u00e1rias ao\u00a0domic\u00edlio, levadas a cabo por\u00a0volunt\u00e1rias, em equipas\u00a0transdisciplinares lideradas por uma enfermeira. Nestas\u00a0visitas s\u00e3o efetuados exames de tens\u00e3o\u00a0arterial, de glicemia e de acompanhamento biossocial.\u00a0Um dos objetivos deste\u00a0projeto \u00e9 estas equipas\u00a0fazerem\u00a0o despiste de situa\u00e7\u00f5es m\u00e9dicas de risco,\u00a0reencaminhando sempre\u00a0os benefici\u00e1rios\u00a0para as\u00a0entidades competentes, quando necess\u00e1rio e assim se\u00a0justifique, em espec\u00edfico para o m\u00e9dico de fam\u00edlia\u00a0ou enfermeiro de refer\u00eancia. Paralelamente,\u00a0o ASDI tem como motes fundamentais o combate\u00a0a situa\u00e7\u00f5es de isolamento e\u00a0solid\u00e3o e o evitar\u00a0ou retardar a\u00a0institucionaliza\u00e7\u00e3o, bem como\u00a0aux\u00edlio na resolu\u00e7\u00e3o de problemas dom\u00e9sticos\u00a0do quotidiano. Com ritmos de vida muito acelerados\u00a0e tempos muito ocupados os familiares destes\u00a0idosos veem-se\u00a0com pouca disponibilidade para os\u00a0ouvir, atender, preocupar e dar apoio, seres humanos\u00a0que passam horas a fio sem ningu\u00e9m em quem\u00a0confiar e contar. Tarefas que para n\u00f3s s\u00e3o\u00a0exequ\u00edveis\u00a0para pessoas com mais idade s\u00e3o impratic\u00e1veis e at\u00e9\u00a0mesmo perigosas (exemplo: subir a um banco para mudar uma l\u00e2mpada). Nestas visitas observa-se todo\u00a0o\u00a0espa\u00e7o habitacional com o intuito de melhorar\u00a0as condi\u00e7\u00f5es de vida e avaliar os riscos de perigo\u00a0(exemplo: sugerir ao idoso que retire os tapetes\u00a0do ch\u00e3o, t\u00e3o perigosos e\u00a0promotores de quedas).\u00a0A fim de melhorar\u00a0os\u00a0servi\u00e7os leva-se a\u00a0cabo periodicamente forma\u00e7\u00e3o direcionada aos\u00a0volunt\u00e1rios, em v\u00e1rias \u00e1reas\u00a0(enfermagem, cuidados continuados,\u00a0psicologia do idoso, gerontologia).\u00a0Estas forma\u00e7\u00f5es s\u00e3o tamb\u00e9m elas, dadas por profissionais\u00a0de forma volunt\u00e1ria e\u00a0gratuita. Inclusive, promove-se\u00a0forma\u00e7\u00e3o na \u00e1rea da seguran\u00e7a para idosos com a entidade\u00a0G.N.R., com fim a passar informa\u00e7\u00e3o sobre burlas\u00a0e cuidados a ter quando se est\u00e1 sozinho. Presta-se apoio\u00a0a doentes acamados ou com incapacidade a 95%. Direciona-se as visitas ao doente bem como ao seu\u00a0cuidador, tantas vezes esquecido, e encontrado em\u00a0estados de exaust\u00e3o\u00a0e depress\u00e3o profunda.\u00a0Tamb\u00e9m para eles \u00e9 uma \u201clufada de ar fresco\u201d\u00a0as visitas, onde se ri, se chora, se canta e se\u00a0informa.\u00a0Neste momento o projeto abrange cerca\u00a0de 60 utentes.<\/p>\n<p style=\"text-align: right;\"><a style=\"line-height: 1.5em;\" href=\"http:\/\/web.ipca.pt\/cvbarcelos\/apoio-social-a-doentes-e-idosos-2\"><span style=\"color: #ff0000; text-decoration: underline;\">Veja como trabalhamos!<\/span><\/a><\/p>\n","protected":false},"excerpt":{"rendered":"<p>Dirige a sua a\u00e7\u00e3o para o apoio social a doentes e idosos\u00a0a viver no seu\u00a0domicilio, dependentes de terceiros, sem retaguarda familiar e\/ou\u00a0situa\u00e7\u00e3o de isolamento social.\u00a0Preconiza-se\u00a0no terreno atrav\u00e9s de visitas di\u00e1rias ao\u00a0domic\u00edlio, levadas a cabo por\u00a0volunt\u00e1rias, em equipas\u00a0transdisciplinares lideradas por uma enfermeira. Nestas\u00a0visitas s\u00e3o efetuados exames de tens\u00e3o\u00a0arterial, de glicemia e de acompanhamento biossocial.\u00a0Um dos objetivos [&hellip;]<\/p>\n","protected":false},"author":1,"featured_media":0,"parent":0,"menu_order":0,"comment_status":"closed","ping_status":"closed","template":"","meta":[],"_links":{"self":[{"href":"https:\/\/web.ipca.pt\/cvbarcelos\/wp-json\/wp\/v2\/pages\/362"}],"collection":[{"href":"https:\/\/web.ipca.pt\/cvbarcelos\/wp-json\/wp\/v2\/pages"}],"about":[{"href":"https:\/\/web.ipca.pt\/cvbarcelos\/wp-json\/wp\/v2\/types\/page"}],"author":[{"embeddable":true,"href":"https:\/\/web.ipca.pt\/cvbarcelos\/wp-json\/wp\/v2\/users\/1"}],"replies":[{"embeddable":true,"href":"https:\/\/web.ipca.pt\/cvbarcelos\/wp-json\/wp\/v2\/comments?post=362"}],"version-history":[{"count":57,"href":"https:\/\/web.ipca.pt\/cvbarcelos\/wp-json\/wp\/v2\/pages\/362\/revisions"}],"predecessor-version":[{"id":7846,"href":"https:\/\/web.ipca.pt\/cvbarcelos\/wp-json\/wp\/v2\/pages\/362\/revisions\/7846"}],"wp:attachment":[{"href":"https:\/\/web.ipca.pt\/cvbarcelos\/wp-json\/wp\/v2\/media?parent=362"}],"curies":[{"name":"wp","href":"https:\/\/api.w.org\/{rel}","templated":true}]}}