{"id":360,"date":"2014-05-13T15:57:42","date_gmt":"2014-05-13T14:57:42","guid":{"rendered":"http:\/\/web.ipca.pt\/cvbarcelos\/?page_id=360"},"modified":"2015-02-02T19:20:53","modified_gmt":"2015-02-02T19:20:53","slug":"ombro-amigo","status":"publish","type":"page","link":"https:\/\/web.ipca.pt\/cvbarcelos\/ombro-amigo\/","title":{"rendered":"Ombro Amigo"},"content":{"rendered":"<p><img loading=\"lazy\" class=\"wp-image-393 alignleft\" style=\"border: none;\" alt=\"Imagem5\" src=\"http:\/\/web.ipca.pt\/cvbarcelos\/wp-content\/uploads\/2014\/05\/Imagem1.jpg\" width=\"300\" height=\"350\" \/><\/p>\n<p style=\"text-align: justify;\">Institucionalizados em lares e centros de dia\u00a0melhorar a qualidade\u00a0de vida dos seniores\u00a0do concelho de Barcelos. Com a dinamiza\u00e7\u00e3o\u00a0de visitas levadas a\u00a0cabo pelo corpo de voluntariado\u00a0desta institui\u00e7\u00e3o\u00a0a outras estruturas, levando a\u00a0efeito a execu\u00e7\u00e3o\u00a0de atividades de conv\u00edvio e de\u00a0cariz l\u00fadicas e\u00a0educativas. O Ombro Amigo possui\u00a0como objetivo\u00a0melhorar a perman\u00eancia dos seniores\u00a0integrados nesta\u00a0tipologia, oferecendo uma palavra\u00a0amiga,\u00a0uma escuta ativa das suas hist\u00f3rias\u00a0pessoais.\u00a0Em contextos\u00a0de solid\u00e3o em que tantos s\u00e3o os idosos\u00a0que\u00a0n\u00e3o s\u00e3o\u00a0visitados pelos familiares, e as institui\u00e7\u00f5es,\u00a0seus profissionais possuem\u00a0tantas responsabilidades\u00a0e exig\u00eancias, o cariz\u00a0humanit\u00e1rio \u00e9 levado\u00a0pelos\u00a0volunt\u00e1rios. S\u00e3o eles que querem ouvir e perguntam\u00a0ao idoso o que quer fazer naquele\u00a0dia,\u00a0todas as tarefas\u00a0s\u00e3o para a satisfa\u00e7\u00e3o da\u00a0pessoa institucionalizada.\u00a0Atos\u00a0pequenos t\u00e3o grandes e\u00a0importantes\u00a0para quem\u00a0\u00e9 esquecido. <\/p>\n<p style=\"text-align: right;\"><a style=\"line-height: 1.5em;\" href=\"http:\/\/web.ipca.pt\/cvbarcelos\/ombro-amigo-2\"><span style=\"color: #ff0000; text-align: right; text-decoration: underline;\">Veja como trabalhamos!<\/span><\/a><\/p>\n","protected":false},"excerpt":{"rendered":"<p>Institucionalizados em lares e centros de dia\u00a0melhorar a qualidade\u00a0de vida dos seniores\u00a0do concelho de Barcelos. Com a dinamiza\u00e7\u00e3o\u00a0de visitas levadas a\u00a0cabo pelo corpo de voluntariado\u00a0desta institui\u00e7\u00e3o\u00a0a outras estruturas, levando a\u00a0efeito a execu\u00e7\u00e3o\u00a0de atividades de conv\u00edvio e de\u00a0cariz l\u00fadicas e\u00a0educativas. O Ombro Amigo possui\u00a0como objetivo\u00a0melhorar a perman\u00eancia dos seniores\u00a0integrados nesta\u00a0tipologia, oferecendo uma palavra\u00a0amiga,\u00a0uma escuta ativa das [&hellip;]<\/p>\n","protected":false},"author":1,"featured_media":0,"parent":0,"menu_order":0,"comment_status":"closed","ping_status":"closed","template":"","meta":[],"_links":{"self":[{"href":"https:\/\/web.ipca.pt\/cvbarcelos\/wp-json\/wp\/v2\/pages\/360"}],"collection":[{"href":"https:\/\/web.ipca.pt\/cvbarcelos\/wp-json\/wp\/v2\/pages"}],"about":[{"href":"https:\/\/web.ipca.pt\/cvbarcelos\/wp-json\/wp\/v2\/types\/page"}],"author":[{"embeddable":true,"href":"https:\/\/web.ipca.pt\/cvbarcelos\/wp-json\/wp\/v2\/users\/1"}],"replies":[{"embeddable":true,"href":"https:\/\/web.ipca.pt\/cvbarcelos\/wp-json\/wp\/v2\/comments?post=360"}],"version-history":[{"count":41,"href":"https:\/\/web.ipca.pt\/cvbarcelos\/wp-json\/wp\/v2\/pages\/360\/revisions"}],"predecessor-version":[{"id":7838,"href":"https:\/\/web.ipca.pt\/cvbarcelos\/wp-json\/wp\/v2\/pages\/360\/revisions\/7838"}],"wp:attachment":[{"href":"https:\/\/web.ipca.pt\/cvbarcelos\/wp-json\/wp\/v2\/media?parent=360"}],"curies":[{"name":"wp","href":"https:\/\/api.w.org\/{rel}","templated":true}]}}