{"id":352,"date":"2014-05-13T15:49:36","date_gmt":"2014-05-13T14:49:36","guid":{"rendered":"http:\/\/web.ipca.pt\/cvbarcelos\/?page_id=352"},"modified":"2015-02-02T21:19:45","modified_gmt":"2015-02-02T21:19:45","slug":"campanhas","status":"publish","type":"page","link":"https:\/\/web.ipca.pt\/cvbarcelos\/campanhas\/","title":{"rendered":"Campanhas"},"content":{"rendered":"<p>\n<\/i><b>&#8211; Recolha de Alimentos;<\/i><\/b><\/p>\n<p><\/i><b>&#8211; Campanha do Embrulho \u2013 Miss\u00e3o Sorriso (\u00e9poca natal\u00edcia);<\/i><\/b><\/p>\n<p><\/i><b>&#8211; Recolha de Material Escolar;<\/i><\/b><\/p>\n<p><\/i><b>&#8211; Recolha de Tampinhas;<\/i><\/b><\/p>\n<p><\/i><b>&#8211; Recolha de Jornais;<\/i><\/b><\/p>\n<p><\/i><b>&#8211; Recolha de papel;<\/i><\/b><\/p>\n<p><\/i><b>&#8211; Recolha de \u00d3leo usado;<\/i><\/b><\/p>\n<p><\/i><b>&#8211; Triagem \/ acondicionamento  de donativos (vestu\u00e1rio, cal\u00e7ado, brinquedos);<\/i><\/b><\/p>\n<p><\/i><b>&#8211; Colabora\u00e7\u00e3o em Rastreios  de  Sa\u00fade (vis\u00e3o, podologia, tens\u00e3o arterial, glicemia);<\/i><\/b><\/p>\n<p><\/i><b>&#8211; Campanha de Brinquedos;<\/i><\/b><\/p>\n<p><\/i><b>&#8211; Campanha de Recolha de Bens Desgast\u00e1veis para beb\u00e9s.<\/i><\/b>     <\/p>\n","protected":false},"excerpt":{"rendered":"<p>&#8211; Recolha de Alimentos; &#8211; Campanha do Embrulho \u2013 Miss\u00e3o Sorriso (\u00e9poca natal\u00edcia); &#8211; Recolha de Material Escolar; &#8211; Recolha de Tampinhas; &#8211; Recolha de Jornais; &#8211; Recolha de papel; &#8211; Recolha de \u00d3leo usado; &#8211; Triagem \/ acondicionamento de donativos (vestu\u00e1rio, cal\u00e7ado, brinquedos); &#8211; Colabora\u00e7\u00e3o em Rastreios de Sa\u00fade (vis\u00e3o, podologia, tens\u00e3o arterial, glicemia); [&hellip;]<\/p>\n","protected":false},"author":1,"featured_media":0,"parent":0,"menu_order":0,"comment_status":"closed","ping_status":"closed","template":"","meta":[],"_links":{"self":[{"href":"https:\/\/web.ipca.pt\/cvbarcelos\/wp-json\/wp\/v2\/pages\/352"}],"collection":[{"href":"https:\/\/web.ipca.pt\/cvbarcelos\/wp-json\/wp\/v2\/pages"}],"about":[{"href":"https:\/\/web.ipca.pt\/cvbarcelos\/wp-json\/wp\/v2\/types\/page"}],"author":[{"embeddable":true,"href":"https:\/\/web.ipca.pt\/cvbarcelos\/wp-json\/wp\/v2\/users\/1"}],"replies":[{"embeddable":true,"href":"https:\/\/web.ipca.pt\/cvbarcelos\/wp-json\/wp\/v2\/comments?post=352"}],"version-history":[{"count":6,"href":"https:\/\/web.ipca.pt\/cvbarcelos\/wp-json\/wp\/v2\/pages\/352\/revisions"}],"predecessor-version":[{"id":7864,"href":"https:\/\/web.ipca.pt\/cvbarcelos\/wp-json\/wp\/v2\/pages\/352\/revisions\/7864"}],"wp:attachment":[{"href":"https:\/\/web.ipca.pt\/cvbarcelos\/wp-json\/wp\/v2\/media?parent=352"}],"curies":[{"name":"wp","href":"https:\/\/api.w.org\/{rel}","templated":true}]}}