{"id":336,"date":"2014-05-13T15:13:30","date_gmt":"2014-05-13T14:13:30","guid":{"rendered":"http:\/\/web.ipca.pt\/cvbarcelos\/?page_id=336"},"modified":"2015-02-02T18:53:10","modified_gmt":"2015-02-02T18:53:10","slug":"breve-historial-3","status":"publish","type":"page","link":"https:\/\/web.ipca.pt\/cvbarcelos\/breve-historial-3\/","title":{"rendered":"Breve Historial"},"content":{"rendered":"<p align=\"justify\">A Delega\u00e7\u00e3o da Cruz Vermelha de Barcelos abriu as suas portas \u00e0 comunidade em 29 de Dezembro de 1980, desenvolvendo a sua actividade at\u00e9 22 de Outubro de 1986, ano em que encerrou por motivos que desconhecemos.<br \/>\nA 13 de Mar\u00e7o de 1991 reabriu sob a presid\u00eancia da D. L\u00facia de Assun\u00e7\u00e3o Melo Vilela Pa\u00e7os Limpo de Faria , convidada pelo ent\u00e3o Presidente Nacional da Cruz Vermelha.<br \/>\nEm Mar\u00e7o desse mesmo ano, iniciou-se o voluntariado com um grupo de senhoras, nos Lares da Miseric\u00f3rdia e na Casa de Sa\u00fade S. Jo\u00e3o de Deus, com visitas semanais.<br \/>\nDurante o mandato da D. L\u00facia, fez parte da Direc\u00e7\u00e3o como vice-presidente a D. Maria Fernanda Reis.<br \/>\nNo ano de 2007, a Presidente por motivos pessoais, sentindo n\u00e3o ter disponibilidade para continuar e exercer o seu cargo, convidou a Vice-Presidente para a substituir nas fun\u00e7\u00f5es que exercia, informando os superiores hier\u00e1rquicos das dilig\u00eancias que tinha feito.<br \/>\nA 9 de Maio de 2007 e de acordo com os Novos Estatutos, realiza-se um Acto de Posse no qual foi nomeada\/eleita a D. Maria Fernanda Reis (ex. vice-presidente) para presidir a uma Comiss\u00e3o Administrativa.<br \/>\nA 19 de Setembro de 2008 e sob a Presid\u00eancia do Ex.mo Senhor Doutor Francisco Alvim na qualidade de representante do Presidente Nacional da Cruz Vermelha Portuguesa, foi dada posse \u00e0 actual Direc\u00e7\u00e3o presidida pela D. Maria Fernanda Reis.<\/p>\n","protected":false},"excerpt":{"rendered":"<p>A Delega\u00e7\u00e3o da Cruz Vermelha de Barcelos abriu as suas portas \u00e0 comunidade em 29 de Dezembro de 1980, desenvolvendo a sua actividade at\u00e9 22 de Outubro de 1986, ano em que encerrou por motivos que desconhecemos. A 13 de Mar\u00e7o de 1991 reabriu sob a presid\u00eancia da D. L\u00facia de Assun\u00e7\u00e3o Melo Vilela Pa\u00e7os [&hellip;]<\/p>\n","protected":false},"author":1,"featured_media":0,"parent":0,"menu_order":0,"comment_status":"closed","ping_status":"closed","template":"","meta":[],"_links":{"self":[{"href":"https:\/\/web.ipca.pt\/cvbarcelos\/wp-json\/wp\/v2\/pages\/336"}],"collection":[{"href":"https:\/\/web.ipca.pt\/cvbarcelos\/wp-json\/wp\/v2\/pages"}],"about":[{"href":"https:\/\/web.ipca.pt\/cvbarcelos\/wp-json\/wp\/v2\/types\/page"}],"author":[{"embeddable":true,"href":"https:\/\/web.ipca.pt\/cvbarcelos\/wp-json\/wp\/v2\/users\/1"}],"replies":[{"embeddable":true,"href":"https:\/\/web.ipca.pt\/cvbarcelos\/wp-json\/wp\/v2\/comments?post=336"}],"version-history":[{"count":6,"href":"https:\/\/web.ipca.pt\/cvbarcelos\/wp-json\/wp\/v2\/pages\/336\/revisions"}],"predecessor-version":[{"id":7830,"href":"https:\/\/web.ipca.pt\/cvbarcelos\/wp-json\/wp\/v2\/pages\/336\/revisions\/7830"}],"wp:attachment":[{"href":"https:\/\/web.ipca.pt\/cvbarcelos\/wp-json\/wp\/v2\/media?parent=336"}],"curies":[{"name":"wp","href":"https:\/\/api.w.org\/{rel}","templated":true}]}}