{"id":333,"date":"2014-05-13T15:10:33","date_gmt":"2014-05-13T14:10:33","guid":{"rendered":"http:\/\/web.ipca.pt\/cvbarcelos\/?page_id=333"},"modified":"2023-01-12T15:48:47","modified_gmt":"2023-01-12T15:48:47","slug":"direcao","status":"publish","type":"page","link":"https:\/\/web.ipca.pt\/cvbarcelos\/direcao\/","title":{"rendered":"Dire\u00e7\u00e3o"},"content":{"rendered":"<p><strong>A Direc\u00e7\u00e3o da Delega\u00e7\u00e3o de Barcelos \u00e9 constitu\u00edda pelos seguintes membros:<\/strong><\/p>\n<h3><\/h3>\n<h3><\/h3>\n<h3><\/h3>\n<h3>Presidente<\/h3>\n<p>Maria Fernanda Reis<\/p>\n<h3><\/h3>\n<h3><\/h3>\n<h3><\/h3>\n<h3>Vice-Presidentes<\/h3>\n<p>Cor\u00e1lia Ferro<\/p>\n<p>Ant\u00f3nio Moreira<\/p>\n<p>Manuel Caravana<\/p>\n<p>Maria Manuela Silva<\/p>\n<h3><\/h3>\n<h3><\/h3>\n<h3><\/h3>\n<h3>Tesoureiro<\/h3>\n<p>Maria Filomena Sampaio<\/p>\n<h3><\/h3>\n<h3><\/h3>\n<h3><\/h3>\n<h3>Vogais<\/h3>\n<p>Mab\u00edlia Caridade<\/p>\n<p>Maria Manuela Esteves<\/p>\n<p>Maria Duarte<\/p>\n","protected":false},"excerpt":{"rendered":"<p>A Direc\u00e7\u00e3o da Delega\u00e7\u00e3o de Barcelos \u00e9 constitu\u00edda pelos seguintes membros: Presidente Maria Fernanda Reis Vice-Presidentes Cor\u00e1lia Ferro Ant\u00f3nio Moreira Manuel Caravana Maria Manuela Silva Tesoureiro Maria Filomena Sampaio Vogais Mab\u00edlia Caridade Maria Manuela Esteves Maria Duarte<\/p>\n","protected":false},"author":1,"featured_media":0,"parent":0,"menu_order":0,"comment_status":"closed","ping_status":"closed","template":"","meta":[],"_links":{"self":[{"href":"https:\/\/web.ipca.pt\/cvbarcelos\/wp-json\/wp\/v2\/pages\/333"}],"collection":[{"href":"https:\/\/web.ipca.pt\/cvbarcelos\/wp-json\/wp\/v2\/pages"}],"about":[{"href":"https:\/\/web.ipca.pt\/cvbarcelos\/wp-json\/wp\/v2\/types\/page"}],"author":[{"embeddable":true,"href":"https:\/\/web.ipca.pt\/cvbarcelos\/wp-json\/wp\/v2\/users\/1"}],"replies":[{"embeddable":true,"href":"https:\/\/web.ipca.pt\/cvbarcelos\/wp-json\/wp\/v2\/comments?post=333"}],"version-history":[{"count":6,"href":"https:\/\/web.ipca.pt\/cvbarcelos\/wp-json\/wp\/v2\/pages\/333\/revisions"}],"predecessor-version":[{"id":8095,"href":"https:\/\/web.ipca.pt\/cvbarcelos\/wp-json\/wp\/v2\/pages\/333\/revisions\/8095"}],"wp:attachment":[{"href":"https:\/\/web.ipca.pt\/cvbarcelos\/wp-json\/wp\/v2\/media?parent=333"}],"curies":[{"name":"wp","href":"https:\/\/api.w.org\/{rel}","templated":true}]}}