{"id":331,"date":"2014-05-13T15:09:57","date_gmt":"2014-05-13T14:09:57","guid":{"rendered":"http:\/\/web.ipca.pt\/cvbarcelos\/?page_id=331"},"modified":"2015-02-02T19:03:42","modified_gmt":"2015-02-02T19:03:42","slug":"missao-2","status":"publish","type":"page","link":"https:\/\/web.ipca.pt\/cvbarcelos\/missao-2\/","title":{"rendered":"Miss\u00e3o"},"content":{"rendered":"<p align=\"justify\">A Delega\u00e7\u00e3o de Barcelos desenvolve a sua miss\u00e3o em obedi\u00eancia aos Estatutos da Cruz Vermelha Portuguesa e age em conformidade com as normas do Direito Internacional Humanit\u00e1rio, tendentes a garantir o respeito pela dignidade da pessoa humana, a favorecer a paz, a minimizar os efeitos negativos dos conflitos e a proteger a vida e a sa\u00fade das popula\u00e7\u00f5es. Aspiramos ao compromisso volunt\u00e1rio de um mundo de comunidades que flores\u00e7am mais capazes de fazer face a todos os sofrimentos humanos com a for\u00e7a da esperan\u00e7a, dignidade e preocupa\u00e7\u00e3o com a equidade. Temos por objectivo melhorar as condi\u00e7\u00f5es de exist\u00eancia das pessoas vulner\u00e1veis atrav\u00e9s da mobiliza\u00e7\u00e3o do poder da Humanidade e em conformidade pelos nossos Princ\u00edpios Fundamentais: Humanidade, Imparcialidade, Independ\u00eancia, Neutralidade, Voluntariado, Unidade e Universalidade.<\/p>\n<p>\n<b>Valores<\/b><br \/>\n<br \/>\n<b>Pessoas<\/b> &#8211; Trabalhamos para desenvolver\/potenciar as capacidades das pessoas e das comunidades vulner\u00e1veis, agindo em solidariedade, a fim de reduzir as amea\u00e7as \u00e0 vida e dignidade humana criando um presente e um futuro melhor.<br \/>\n<\/p>\n<p><b>Integridade<\/b> &#8211; Agimos de acordo com os nossos Princ\u00edpios Fundamentais e valores humanit\u00e1rios de uma forma aberta e transparente, sem colocar em perigo os nossos emblemas, independ\u00eancia, imparcialidade e neutralidade que eles representam.<br \/>\n<\/p>\n<p><b>Diversidade<\/b> &#8211; Estamos comprometidos com a diversidade das comunidades que servimos, dos nossos volunt\u00e1rios, colaboradores e parceiros. Esta \u00e9 a condi\u00e7\u00e3o de n\u00e3o-discrimina\u00e7\u00e3o e corresponde ao nosso Princ\u00edpio Fundamental da Universalidade.<br \/>\n<br \/>\n<b>Lideran\u00e7a<\/b> &#8211; Estamos empenhados em sermos l\u00edderes na presta\u00e7\u00e3o de servi\u00e7os com excel\u00eancia nas nossas \u00e1reas de ac\u00e7\u00e3o, em particular, nas ac\u00e7\u00f5es de sensibiliza\u00e7\u00e3o para as quest\u00f5es humanit\u00e1rias e de qualidade das nossas interven\u00e7\u00f5es na comunidade.<br \/>\n<br \/>\n<b>Inova\u00e7\u00e3o<\/b> &#8211; Temos o compromisso com a nossa hist\u00f3ria e tradi\u00e7\u00e3o, mas tamb\u00e9m precisamos de encontrar solu\u00e7\u00f5es progressistas, inovadoras e dur\u00e1veis para os novos problemas que amea\u00e7am a dignidade humana, numa sociedade em constante transforma\u00e7\u00e3o.<\/p>\n","protected":false},"excerpt":{"rendered":"<p>A Delega\u00e7\u00e3o de Barcelos desenvolve a sua miss\u00e3o em obedi\u00eancia aos Estatutos da Cruz Vermelha Portuguesa e age em conformidade com as normas do Direito Internacional Humanit\u00e1rio, tendentes a garantir o respeito pela dignidade da pessoa humana, a favorecer a paz, a minimizar os efeitos negativos dos conflitos e a proteger a vida e a [&hellip;]<\/p>\n","protected":false},"author":1,"featured_media":0,"parent":0,"menu_order":0,"comment_status":"closed","ping_status":"closed","template":"","meta":[],"_links":{"self":[{"href":"https:\/\/web.ipca.pt\/cvbarcelos\/wp-json\/wp\/v2\/pages\/331"}],"collection":[{"href":"https:\/\/web.ipca.pt\/cvbarcelos\/wp-json\/wp\/v2\/pages"}],"about":[{"href":"https:\/\/web.ipca.pt\/cvbarcelos\/wp-json\/wp\/v2\/types\/page"}],"author":[{"embeddable":true,"href":"https:\/\/web.ipca.pt\/cvbarcelos\/wp-json\/wp\/v2\/users\/1"}],"replies":[{"embeddable":true,"href":"https:\/\/web.ipca.pt\/cvbarcelos\/wp-json\/wp\/v2\/comments?post=331"}],"version-history":[{"count":8,"href":"https:\/\/web.ipca.pt\/cvbarcelos\/wp-json\/wp\/v2\/pages\/331\/revisions"}],"predecessor-version":[{"id":7832,"href":"https:\/\/web.ipca.pt\/cvbarcelos\/wp-json\/wp\/v2\/pages\/331\/revisions\/7832"}],"wp:attachment":[{"href":"https:\/\/web.ipca.pt\/cvbarcelos\/wp-json\/wp\/v2\/media?parent=331"}],"curies":[{"name":"wp","href":"https:\/\/api.w.org\/{rel}","templated":true}]}}