{"id":325,"date":"2014-05-13T14:41:46","date_gmt":"2014-05-13T13:41:46","guid":{"rendered":"http:\/\/web.ipca.pt\/cvbarcelos\/?page_id=325"},"modified":"2015-02-02T18:51:09","modified_gmt":"2015-02-02T18:51:09","slug":"cruz-vermelha-2","status":"publish","type":"page","link":"https:\/\/web.ipca.pt\/cvbarcelos\/","title":{"rendered":"Cruz Vermelha"},"content":{"rendered":"<p>&nbsp;<\/p>\n<p align=\"justify\">A Delega\u00e7\u00e3o da Cruz Vermelha de Barcelos abriu as suas portas \u00e0 comunidade em 29 de Dezembro de 1980 desenvolvendo a sua atividade at\u00e9 12 de Outubro de 1986, altura em que encerrou. Reabriu a 13 de Mar\u00e7o de 1991. Em Maio desse mesmo ano iniciou-se o Voluntariado com um grupo de senhoras, nos lares da Miseric\u00f3rdia e na Casa de Sa\u00fade de S. Jo\u00e3o de Deus, com visitas semanais. Fiz a minha inscri\u00e7\u00e3o como volunt\u00e1ria desta Institui\u00e7\u00e3o em 1992, fiz parte da Dire\u00e7\u00e3o desde 1997 e assumi o cargo de presidente da Dire\u00e7\u00e3o em 2007. O grande objetivo \u00e9 a preocupa\u00e7\u00e3o da nossa Dire\u00e7\u00e3o foi colmatar falhas na \u00e1rea social do nosso concelho, e nunca sobrepormo-nos \u00e0s respostas j\u00e1 existentes. Assim criamos v\u00e1rios projetos inovadores pensando unicamente nos doentes, idosos, solit\u00e1rios, m\u00e3es e beb\u00e9s, pessoas em situa\u00e7\u00e3o de exclus\u00e3o social, carenciados e vulner\u00e1veis. Todo este trabalho \u00e9 assente essencialmente num grupo de 65 volunt\u00e1rios, caracterizados por:<\/p>\n<p align=\"left\"><b><span style=\"color: red;\">V<\/span><\/b>ontade<br \/>\n<b><span style=\"color: red;\">O<\/span><\/b>timismo<br \/>\n<b><span style=\"color: red;\">L<\/span><\/b>ealdade<br \/>\n<b><span style=\"color: red;\">U<\/span><\/b>ni\u00e3o<br \/>\n<b><span style=\"color: red;\">N<\/span><\/b>obreza<br \/>\n<b><span style=\"color: red;\">T<\/span><\/b>ernura<br \/>\n<b><span style=\"color: red;\">A<\/span><\/b>mor<br \/>\n<b><span style=\"color: red;\">R<\/span><\/b>esponsabilidade<br \/>\n<b><span style=\"color: red;\">I<\/span><\/b>ncentivo<br \/>\n<b><span style=\"color: red;\">A<\/span><\/b>ltru\u00edsmo<br \/>\n<b><span style=\"color: red;\">D<\/span><\/b>edica\u00e7\u00e3o<br \/>\n<b><span style=\"color: red;\">O<\/span><\/b>rganiza\u00e7\u00e3o<\/p>\n<p align=\"justify\">Algu\u00e9m sabiamente disse: A verdadeira liberdade n\u00e3o vem de fazermos o que bem entendemos, mas conseguirmo-nos deleitar em fazer o que devemos! Se nossos motivos s\u00e3o sinceros, sendo o amor a inspira\u00e7\u00e3o por detr\u00e1s do que fazemos, ent\u00e3o o nosso trabalho nunca ser\u00e1 rotineiro, aborrecido, mas teremos sempre a alegria e satisfa\u00e7\u00e3o de sentir que apesar de n\u00e3o sermos os melhores, estamos a<br \/>\nfazer o nosso melhor. Sentimos isso todos os dias.<br \/>\nBem \u2013 hajam.<\/p>\n","protected":false},"excerpt":{"rendered":"<p>&nbsp; A Delega\u00e7\u00e3o da Cruz Vermelha de Barcelos abriu as suas portas \u00e0 comunidade em 29 de Dezembro de 1980 desenvolvendo a sua atividade at\u00e9 12 de Outubro de 1986, altura em que encerrou. Reabriu a 13 de Mar\u00e7o de 1991. Em Maio desse mesmo ano iniciou-se o Voluntariado com um grupo de senhoras, nos [&hellip;]<\/p>\n","protected":false},"author":1,"featured_media":0,"parent":0,"menu_order":0,"comment_status":"closed","ping_status":"closed","template":"","meta":[],"_links":{"self":[{"href":"https:\/\/web.ipca.pt\/cvbarcelos\/wp-json\/wp\/v2\/pages\/325"}],"collection":[{"href":"https:\/\/web.ipca.pt\/cvbarcelos\/wp-json\/wp\/v2\/pages"}],"about":[{"href":"https:\/\/web.ipca.pt\/cvbarcelos\/wp-json\/wp\/v2\/types\/page"}],"author":[{"embeddable":true,"href":"https:\/\/web.ipca.pt\/cvbarcelos\/wp-json\/wp\/v2\/users\/1"}],"replies":[{"embeddable":true,"href":"https:\/\/web.ipca.pt\/cvbarcelos\/wp-json\/wp\/v2\/comments?post=325"}],"version-history":[{"count":57,"href":"https:\/\/web.ipca.pt\/cvbarcelos\/wp-json\/wp\/v2\/pages\/325\/revisions"}],"predecessor-version":[{"id":7829,"href":"https:\/\/web.ipca.pt\/cvbarcelos\/wp-json\/wp\/v2\/pages\/325\/revisions\/7829"}],"wp:attachment":[{"href":"https:\/\/web.ipca.pt\/cvbarcelos\/wp-json\/wp\/v2\/media?parent=325"}],"curies":[{"name":"wp","href":"https:\/\/api.w.org\/{rel}","templated":true}]}}