{"id":938,"date":"2014-06-11T22:34:21","date_gmt":"2014-06-11T21:34:21","guid":{"rendered":"http:\/\/web.ipca.pt\/cvbarcelos\/?page_id=938"},"modified":"2015-02-10T14:51:07","modified_gmt":"2015-02-10T14:51:07","slug":"iniciativas-fotos","status":"publish","type":"page","link":"http:\/\/web.ipca.pt\/cvbarcelos\/iniciativas-fotos\/","title":{"rendered":"Iniciativas-fotos"},"content":{"rendered":"<p><a href=\" http:\/\/web.ipca.pt\/cvbarcelos\/campanha-de-embrulho\">Campanhas do Embrulho<\/a><\/p>\n<p>\n<a href=\" http:\/\/web.ipca.pt\/cvbarcelos\/campanha-do-brinquedo\">Campanha do Brinquedo<\/a><\/p>\n<p>\n<a href=\" http:\/\/web.ipca.pt\/cvbarcelos\/entrega-de-cabazes\">Entrega de Cabazes<\/a><\/p>\n<p>\n<a href=\" http:\/\/web.ipca.pt\/cvbarcelos\/os-conselhos-de-verao-de-vic-victor\">Os conselhos de ver\u00e3o de Vic e Victor<\/a><\/p>\n<p>\n<a href=\" http:\/\/web.ipca.pt\/cvbarcelos\/rastreios-de-saude\">Rastreios de Sa\u00fade<\/a><\/p>\n<p>\n<a href=\" http:\/\/web.ipca.pt\/cvbarcelos\/recolha-bebe-feliz\">Recolha Beb\u00e9 Feliz<\/a><\/p>\n<p>\n<a href=\" http:\/\/web.ipca.pt\/cvbarcelos\/recolhas-de-bens-essenciais\">Recolha de Bens Alimentares<\/a><\/p>\n","protected":false},"excerpt":{"rendered":"<p>Campanhas do Embrulho Campanha do Brinquedo Entrega de Cabazes Os conselhos de ver\u00e3o de Vic e Victor Rastreios de Sa\u00fade Recolha Beb\u00e9 Feliz Recolha de Bens Alimentares<\/p>\n","protected":false},"author":1,"featured_media":0,"parent":0,"menu_order":0,"comment_status":"closed","ping_status":"closed","template":"","meta":[],"_links":{"self":[{"href":"http:\/\/web.ipca.pt\/cvbarcelos\/wp-json\/wp\/v2\/pages\/938"}],"collection":[{"href":"http:\/\/web.ipca.pt\/cvbarcelos\/wp-json\/wp\/v2\/pages"}],"about":[{"href":"http:\/\/web.ipca.pt\/cvbarcelos\/wp-json\/wp\/v2\/types\/page"}],"author":[{"embeddable":true,"href":"http:\/\/web.ipca.pt\/cvbarcelos\/wp-json\/wp\/v2\/users\/1"}],"replies":[{"embeddable":true,"href":"http:\/\/web.ipca.pt\/cvbarcelos\/wp-json\/wp\/v2\/comments?post=938"}],"version-history":[{"count":10,"href":"http:\/\/web.ipca.pt\/cvbarcelos\/wp-json\/wp\/v2\/pages\/938\/revisions"}],"predecessor-version":[{"id":7992,"href":"http:\/\/web.ipca.pt\/cvbarcelos\/wp-json\/wp\/v2\/pages\/938\/revisions\/7992"}],"wp:attachment":[{"href":"http:\/\/web.ipca.pt\/cvbarcelos\/wp-json\/wp\/v2\/media?parent=938"}],"curies":[{"name":"wp","href":"https:\/\/api.w.org\/{rel}","templated":true}]}}