{"id":1067,"date":"2014-06-17T00:40:35","date_gmt":"2014-06-16T23:40:35","guid":{"rendered":"http:\/\/web.ipca.pt\/cvbarcelos\/?page_id=1067"},"modified":"2014-07-07T13:50:51","modified_gmt":"2014-07-07T12:50:51","slug":"hino-texto","status":"publish","type":"page","link":"http:\/\/web.ipca.pt\/cvbarcelos\/hino-texto\/","title":{"rendered":"Hino-texto"},"content":{"rendered":"<p style=\"text-align: center; font-family: 'pristinaregular' !important; font-size: 32px;\">Depois destes primeiros projetos implementados, foi escrita uma letra adaptada \u00e0 m\u00fasica de Beethoven Sinfonia n\u00ba9 (4\u00ba andamento), para ser cantada como hino nos eventos em que o consider\u00e1ssemos pertinente.<br \/>\nAssim, dar\u00edamos a conhecer de uma maneira diferente o nosso trabalho.<\/p>\n<p style=\"text-align: center;\">I<\/p>\n<p style=\"text-align: center; font-family: 'pristinaregular' !important; font-size: 26px;\">Queremos ser<br \/>\nUm nome amigo<br \/>\nQue estando contigo<br \/>\nTe pode ajudar<\/p>\n<p style=\"text-align: center; font-family: 'pristinaregular' !important; font-size: 26px;\">Cruz Vermelha<br \/>\n\u00c9 institui\u00e7\u00e3o<br \/>\nQue est\u00e1 sempre pronta<br \/>\nP\u2019ra te dar a m\u00e3o<\/p>\n<p style=\"text-align: center;\">II<\/p>\n<p style=\"text-align: center; font-family: 'pristinaregular' !important; font-size: 26px;\">Amigo, amigo<br \/>\nVamos agora estar sempre contigo<br \/>\nE vais crer que no amanh\u00e3<br \/>\nA vida tem mais luz e \u00e9 mais s\u00e3<\/p>\n<p style=\"text-align: center;\">III<\/p>\n<p style=\"text-align: center; font-family: 'pristinaregular' !important; font-size: 26px;\">Queremos dar-te<br \/>\nMomentos de paz<br \/>\nMomentos de amor<br \/>\nCheios de esperan\u00e7a<\/p>\n<p style=\"text-align: center; font-family: 'pristinaregular' !important; font-size: 26px;\">Queremos dar-te<br \/>\nA ti que \u00e9s mais velho<br \/>\nA ti que \u00e9s beb\u00e9<br \/>\nA ti que \u00e9s crian\u00e7a<\/p>\n<p style=\"text-align: center; font-family: 'pristinaregular' !important; font-size: 26px;\">REFR\u00c3O<br \/>\nAjudar, ajudar<br \/>\nSe \u00e9 preciso estamos presente<br \/>\nA sorrir a sorrir<br \/>\nPara quem estiver carente<\/p>\n<p style=\"text-align: center; font-family: 'pristinaregular' !important; font-size: 26px;\">Com beb\u00e9s e idosos<br \/>\n\u00c9 assim a nossa miss\u00e3o<br \/>\nTrabalhar em Barcelos<br \/>\nCom amor e cora\u00e7\u00e3o.<\/p>\n<p style=\"text-align: right; font-family: 'pristinaregular' !important; font-size: 22px;\">Autoria de Cor\u00e1lia Ferro<\/p>\n<p style=\"text-align: right; font-family: 'pristinaregular' !important; font-size: 22px;\">2008<\/p>\n<p style=\"text-align: center;\">\n","protected":false},"excerpt":{"rendered":"<p>Depois destes primeiros projetos implementados, foi escrita uma letra adaptada \u00e0 m\u00fasica de Beethoven Sinfonia n\u00ba9 (4\u00ba andamento), para ser cantada como hino nos eventos em que o consider\u00e1ssemos pertinente. Assim, dar\u00edamos a conhecer de uma maneira diferente o nosso trabalho. I Queremos ser Um nome amigo Que estando contigo Te pode ajudar Cruz Vermelha [&hellip;]<\/p>\n","protected":false},"author":1,"featured_media":0,"parent":0,"menu_order":0,"comment_status":"closed","ping_status":"closed","template":"","meta":[],"_links":{"self":[{"href":"http:\/\/web.ipca.pt\/cvbarcelos\/wp-json\/wp\/v2\/pages\/1067"}],"collection":[{"href":"http:\/\/web.ipca.pt\/cvbarcelos\/wp-json\/wp\/v2\/pages"}],"about":[{"href":"http:\/\/web.ipca.pt\/cvbarcelos\/wp-json\/wp\/v2\/types\/page"}],"author":[{"embeddable":true,"href":"http:\/\/web.ipca.pt\/cvbarcelos\/wp-json\/wp\/v2\/users\/1"}],"replies":[{"embeddable":true,"href":"http:\/\/web.ipca.pt\/cvbarcelos\/wp-json\/wp\/v2\/comments?post=1067"}],"version-history":[{"count":19,"href":"http:\/\/web.ipca.pt\/cvbarcelos\/wp-json\/wp\/v2\/pages\/1067\/revisions"}],"predecessor-version":[{"id":5460,"href":"http:\/\/web.ipca.pt\/cvbarcelos\/wp-json\/wp\/v2\/pages\/1067\/revisions\/5460"}],"wp:attachment":[{"href":"http:\/\/web.ipca.pt\/cvbarcelos\/wp-json\/wp\/v2\/media?parent=1067"}],"curies":[{"name":"wp","href":"https:\/\/api.w.org\/{rel}","templated":true}]}}